{"id":216,"date":"2024-08-28T02:03:22","date_gmt":"2024-08-28T02:03:22","guid":{"rendered":"https:\/\/garotto.com\/?post_type=product&#038;p=216"},"modified":"2024-08-28T02:07:58","modified_gmt":"2024-08-28T02:07:58","slug":"tamices-de-laton-8o","status":"publish","type":"product","link":"https:\/\/garotto.com\/index.php\/producto\/tamices-de-laton-8o\/","title":{"rendered":"Tamices de lat\u00f3n 8&#8243;\u00d8"},"content":{"rendered":"<div id=\"cc-m-6011346257\" class=\"j-module n j-hgrid \">\n<div class=\"cc-m-hgrid-column\">\n<div id=\"cc-matrix-1337160457\">\n<div id=\"cc-m-6011346357\" class=\"j-module n j-header \">\n<h3 id=\"cc-m-header-6011346357\" class=\"\">Tamiz de lat\u00f3n 8&#8243;\u00d8<\/h3>\n<\/div>\n<\/div>\n<\/div>\n<div class=\"cc-m-hgrid-separator\" data-display=\"cms-only\">\n<div><\/div>\n<\/div>\n<div class=\"cc-m-hgrid-column last\">\n<div id=\"cc-matrix-1337160557\">\n<div id=\"cc-m-6011346457\" class=\"j-module n j-text \">\n<p>abertura \u00bc\u00bb<\/p>\n<p>abertura \u215c\u00bb<\/p>\n<p>abertura \u00bd\u00bb<\/p>\n<p>abertura 7\/16&#8243;<\/p>\n<p>abertura \u215d\u00bb<\/p>\n<p>abertura \u00be\u00bb<\/p>\n<p>abertura 1&#8243;<\/p>\n<p>abertura 1\u00bc\u00bb<\/p>\n<p>abertura 1\u00bc\u00bb<\/p>\n<p>abertura 1\u00bd\u00bb<\/p>\n<p>abertura 1\u00be\u00bb<\/p>\n<p>abertura 2&#8243;<\/p>\n<p>abertura 2\u00bd\u00bb<\/p>\n<p>abertura 3&#8243;<\/p>\n<p>&nbsp;<\/p>\n<p>&nbsp;<\/p>\n<\/div>\n<\/div>\n<\/div>\n<div class=\"cc-m-hgrid-overlay\" data-display=\"cms-only\"><\/div>\n<\/div>\n<div id=\"cc-m-6011346557\" class=\"j-module n j-hgrid \">\n<div class=\"cc-m-hgrid-column\">\n<div id=\"cc-matrix-1337160657\">\n<div id=\"cc-m-6011346657\" class=\"j-module n j-header \">\n<h3 id=\"cc-m-header-6011346657\" class=\"\">Tamiz de lat\u00f3n 8&#8243;\u00d8<\/h3>\n<\/div>\n<div id=\"cc-m-6011346757\" class=\"j-module n j-spacing \">\n<div class=\"cc-m-spacer\"><\/div>\n<\/div>\n<\/div>\n<\/div>\n<div class=\"cc-m-hgrid-separator\" data-display=\"cms-only\">\n<div><\/div>\n<\/div>\n<div class=\"cc-m-hgrid-column last\">\n<div id=\"cc-matrix-1337160757\">\n<div id=\"cc-m-6011346857\" class=\"j-module n j-text \">\n<p>fondo<\/p>\n<p>juego de fondo y tapa<\/p>\n<p>&nbsp;<\/p>\n<\/div>\n<\/div>\n<\/div>\n<div class=\"cc-m-hgrid-overlay\" data-display=\"cms-only\"><\/div>\n<\/div>\n<div id=\"cc-m-6011346957\" class=\"j-module n j-hgrid \">\n<div class=\"cc-m-hgrid-column\">\n<div id=\"cc-matrix-1337160857\">\n<div id=\"cc-m-6011347057\" class=\"j-module n j-header \">\n<h3 id=\"cc-m-header-6011347057\" class=\"\">Tamiz de lat\u00f3n 8&#8243;\u00d8<\/h3>\n<\/div>\n<div id=\"cc-m-6011347157\" class=\"j-module n j-spacing \">\n<div class=\"cc-m-spacer\"><\/div>\n<\/div>\n<\/div>\n<\/div>\n<div class=\"cc-m-hgrid-separator\" data-display=\"cms-only\">\n<div><\/div>\n<\/div>\n<div class=\"cc-m-hgrid-column last\">\n<div id=\"cc-matrix-1337160957\">\n<div id=\"cc-m-6011347257\" class=\"j-module n j-text \">\n<p>malla #4<\/p>\n<p>malla #5<\/p>\n<p>malla #6<\/p>\n<p>malla #8<\/p>\n<p>malla #10<\/p>\n<p>malla #12<\/p>\n<p>malla #14<\/p>\n<p>malla #16<\/p>\n<p>malla #18<\/p>\n<p>malla #20<\/p>\n<p>malla #25<\/p>\n<p>malla #30<\/p>\n<p>malla #35<\/p>\n<p>malla #40<\/p>\n<p>malla #50<\/p>\n<p>malla #60<\/p>\n<p>malla #70<\/p>\n<p>malla #80<\/p>\n<p>malla #100<\/p>\n<p>malla #120<\/p>\n<p>malla #140<\/p>\n<p>malla #150<\/p>\n<p>malla #170<\/p>\n<p>malla #200<\/p>\n<p>malla #230<\/p>\n<p>malla #250<\/p>\n<p>malla #270<\/p>\n<p>malla #325<\/p>\n<p>malla #400<\/p>\n<\/div>\n<\/div>\n<\/div>\n<\/div>\n","protected":false},"excerpt":{"rendered":"<p>Tamiz de lat\u00f3n 8&#8243;\u00d8 abertura \u00bc\u00bb abertura \u215c\u00bb abertura \u00bd\u00bb abertura 7\/16&#8243; abertura \u215d\u00bb abertura \u00be\u00bb abertura 1&#8243; abertura 1\u00bc\u00bb abertura 1\u00bc\u00bb abertura 1\u00bd\u00bb abertura 1\u00be\u00bb abertura 2&#8243; abertura 2\u00bd\u00bb abertura 3&#8243; &nbsp; &nbsp; Tamiz de lat\u00f3n 8&#8243;\u00d8 fondo juego de fondo y tapa &nbsp; Tamiz de lat\u00f3n 8&#8243;\u00d8 malla #4 malla #5 malla #6 [&hellip;]<\/p>\n","protected":false},"featured_media":217,"comment_status":"closed","ping_status":"closed","template":"","meta":{"_joinchat":[]},"product_cat":[23],"product_tag":[],"class_list":{"0":"post-216","1":"product","2":"type-product","3":"status-publish","4":"has-post-thumbnail","6":"product_cat-granulometria","8":"first","9":"instock","10":"shipping-taxable","11":"product-type-simple"},"_links":{"self":[{"href":"https:\/\/garotto.com\/index.php\/wp-json\/wp\/v2\/product\/216","targetHints":{"allow":["GET"]}}],"collection":[{"href":"https:\/\/garotto.com\/index.php\/wp-json\/wp\/v2\/product"}],"about":[{"href":"https:\/\/garotto.com\/index.php\/wp-json\/wp\/v2\/types\/product"}],"replies":[{"embeddable":true,"href":"https:\/\/garotto.com\/index.php\/wp-json\/wp\/v2\/comments?post=216"}],"wp:featuredmedia":[{"embeddable":true,"href":"https:\/\/garotto.com\/index.php\/wp-json\/wp\/v2\/media\/217"}],"wp:attachment":[{"href":"https:\/\/garotto.com\/index.php\/wp-json\/wp\/v2\/media?parent=216"}],"wp:term":[{"taxonomy":"product_cat","embeddable":true,"href":"https:\/\/garotto.com\/index.php\/wp-json\/wp\/v2\/product_cat?post=216"},{"taxonomy":"product_tag","embeddable":true,"href":"https:\/\/garotto.com\/index.php\/wp-json\/wp\/v2\/product_tag?post=216"}],"curies":[{"name":"wp","href":"https:\/\/api.w.org\/{rel}","templated":true}]}}