{"id":231,"date":"2024-08-28T06:06:19","date_gmt":"2024-08-28T06:06:19","guid":{"rendered":"https:\/\/garotto.com\/?post_type=product&#038;p=231"},"modified":"2024-08-28T06:27:31","modified_gmt":"2024-08-28T06:27:31","slug":"balanza-ohaus-de-2610g-de-capacidad-con-cucharon-analoga","status":"publish","type":"product","link":"https:\/\/garotto.com\/index.php\/producto\/balanza-ohaus-de-2610g-de-capacidad-con-cucharon-analoga\/","title":{"rendered":"Balanza OHAUS de 2610g de capacidad con cuchar\u00f3n, an\u00e1loga"},"content":{"rendered":"<h2 id=\"cc-m-header-6011571157\" class=\"\">Balanza OHAUS de 2610g de capacidad, aproximaci\u00f3n de 0.1g, con cuchar\u00f3n, an\u00e1loga<\/h2>\n","protected":false},"excerpt":{"rendered":"<p>Balanza OHAUS de 2610g de capacidad, aproximaci\u00f3n de 0.1g, con cuchar\u00f3n, an\u00e1loga<\/p>\n","protected":false},"featured_media":260,"comment_status":"closed","ping_status":"closed","template":"","meta":{"_joinchat":[]},"product_cat":[25],"product_tag":[],"class_list":{"0":"post-231","1":"product","2":"type-product","3":"status-publish","4":"has-post-thumbnail","6":"product_cat-articulos-generales","8":"first","9":"instock","10":"shipping-taxable","11":"product-type-simple"},"_links":{"self":[{"href":"https:\/\/garotto.com\/index.php\/wp-json\/wp\/v2\/product\/231","targetHints":{"allow":["GET"]}}],"collection":[{"href":"https:\/\/garotto.com\/index.php\/wp-json\/wp\/v2\/product"}],"about":[{"href":"https:\/\/garotto.com\/index.php\/wp-json\/wp\/v2\/types\/product"}],"replies":[{"embeddable":true,"href":"https:\/\/garotto.com\/index.php\/wp-json\/wp\/v2\/comments?post=231"}],"wp:featuredmedia":[{"embeddable":true,"href":"https:\/\/garotto.com\/index.php\/wp-json\/wp\/v2\/media\/260"}],"wp:attachment":[{"href":"https:\/\/garotto.com\/index.php\/wp-json\/wp\/v2\/media?parent=231"}],"wp:term":[{"taxonomy":"product_cat","embeddable":true,"href":"https:\/\/garotto.com\/index.php\/wp-json\/wp\/v2\/product_cat?post=231"},{"taxonomy":"product_tag","embeddable":true,"href":"https:\/\/garotto.com\/index.php\/wp-json\/wp\/v2\/product_tag?post=231"}],"curies":[{"name":"wp","href":"https:\/\/api.w.org\/{rel}","templated":true}]}}